{"id":445,"date":"2023-07-18T11:12:14","date_gmt":"2023-07-18T09:12:14","guid":{"rendered":"http:\/\/neuroped.es\/?page_id=445"},"modified":"2023-11-15T10:53:50","modified_gmt":"2023-11-15T09:53:50","slug":"instalaciones","status":"publish","type":"page","link":"https:\/\/neuroped.es\/en\/instalaciones\/","title":{"rendered":"Facilities"},"content":{"rendered":"<div data-elementor-type=\"wp-page\" data-elementor-id=\"445\" class=\"elementor elementor-445\" data-elementor-post-type=\"page\">\n\t\t\t\t\t\t<section class=\"elementor-section elementor-top-section elementor-element elementor-element-59a709f elementor-section-height-min-height elementor-section-boxed elementor-section-height-default elementor-section-items-middle\" data-id=\"59a709f\" data-element_type=\"section\" data-settings=\"{&quot;background_background&quot;:&quot;classic&quot;,&quot;background_motion_fx_motion_fx_scrolling&quot;:&quot;yes&quot;,&quot;background_motion_fx_translateY_effect&quot;:&quot;yes&quot;,&quot;background_motion_fx_translateY_speed&quot;:{&quot;unit&quot;:&quot;px&quot;,&quot;size&quot;:4,&quot;sizes&quot;:[]},&quot;background_motion_fx_translateY_affectedRange&quot;:{&quot;unit&quot;:&quot;%&quot;,&quot;size&quot;:&quot;&quot;,&quot;sizes&quot;:{&quot;start&quot;:0,&quot;end&quot;:100}},&quot;background_motion_fx_devices&quot;:[&quot;desktop&quot;,&quot;tablet&quot;,&quot;mobile&quot;]}\">\n\t\t\t\t\t\t\t<div class=\"elementor-background-overlay\"><\/div>\n\t\t\t\t\t\t\t<div class=\"elementor-container elementor-column-gap-wider\">\n\t\t\t\t\t<div class=\"elementor-column elementor-col-100 elementor-top-column elementor-element elementor-element-cc6953d\" data-id=\"cc6953d\" data-element_type=\"column\">\n\t\t\t<div class=\"elementor-widget-wrap elementor-element-populated\">\n\t\t\t\t\t\t<div class=\"elementor-element elementor-element-00ebaf2 elementor-widget elementor-widget-heading\" data-id=\"00ebaf2\" data-element_type=\"widget\" data-widget_type=\"heading.default\">\n\t\t\t\t<div class=\"elementor-widget-container\">\n\t\t\t<style>\/*! elementor - v3.20.0 - 10-04-2024 *\/\n.elementor-heading-title{padding:0;margin:0;line-height:1}.elementor-widget-heading .elementor-heading-title[class*=elementor-size-]>a{color:inherit;font-size:inherit;line-height:inherit}.elementor-widget-heading .elementor-heading-title.elementor-size-small{font-size:15px}.elementor-widget-heading .elementor-heading-title.elementor-size-medium{font-size:19px}.elementor-widget-heading .elementor-heading-title.elementor-size-large{font-size:29px}.elementor-widget-heading .elementor-heading-title.elementor-size-xl{font-size:39px}.elementor-widget-heading .elementor-heading-title.elementor-size-xxl{font-size:59px}<\/style><h1 class=\"elementor-heading-title elementor-size-default\">Facilities<\/h1>\t\t<\/div>\n\t\t\t\t<\/div>\n\t\t\t\t\t<\/div>\n\t\t<\/div>\n\t\t\t\t\t<\/div>\n\t\t<\/section>\n\t\t\t\t<section class=\"elementor-section elementor-top-section elementor-element elementor-element-a846843 elementor-section-content-top elementor-section-boxed elementor-section-height-default elementor-section-height-default\" data-id=\"a846843\" data-element_type=\"section\">\n\t\t\t\t\t\t<div class=\"elementor-container elementor-column-gap-wider\">\n\t\t\t\t\t<div class=\"elementor-column elementor-col-50 elementor-top-column elementor-element elementor-element-15847fe\" data-id=\"15847fe\" data-element_type=\"column\">\n\t\t\t<div class=\"elementor-widget-wrap elementor-element-populated\">\n\t\t\t\t\t\t<div class=\"elementor-element elementor-element-9793060 elementor-widget elementor-widget-heading\" data-id=\"9793060\" data-element_type=\"widget\" data-widget_type=\"heading.default\">\n\t\t\t\t<div class=\"elementor-widget-container\">\n\t\t\t<h2 class=\"elementor-heading-title elementor-size-default\">How are our facilities?<\/h2>\t\t<\/div>\n\t\t\t\t<\/div>\n\t\t\t\t<div class=\"elementor-element elementor-element-d9fbf99 elementor-widget elementor-widget-text-editor\" data-id=\"d9fbf99\" data-element_type=\"widget\" data-widget_type=\"text-editor.default\">\n\t\t\t\t<div class=\"elementor-widget-container\">\n\t\t\t<style>\/*! elementor - v3.20.0 - 10-04-2024 *\/\n.elementor-widget-text-editor.elementor-drop-cap-view-stacked .elementor-drop-cap{background-color:#69727d;color:#fff}.elementor-widget-text-editor.elementor-drop-cap-view-framed .elementor-drop-cap{color:#69727d;border:3px solid;background-color:transparent}.elementor-widget-text-editor:not(.elementor-drop-cap-view-default) .elementor-drop-cap{margin-top:8px}.elementor-widget-text-editor:not(.elementor-drop-cap-view-default) .elementor-drop-cap-letter{width:1em;height:1em}.elementor-widget-text-editor .elementor-drop-cap{float:left;text-align:center;line-height:1;font-size:50px}.elementor-widget-text-editor .elementor-drop-cap-letter{display:inline-block}<\/style>\t\t\t\t<p>We currently have a facility of 500m2 divided into two zones. A first more targeted to Early Care and other disorders of origin mot\u00f3rico and other-directed Learning Disorders and medical consultations.<\/p><p>All facilities are adapted, with 4 bathrooms adapted, gym, children&#039;s rehabilitation, 15 offices for individual therapies, 2 offices with Camera Gesell or observation with one-way mirror, and a multipurpose room for training with a capacity of up to 50 people or group therapy.<\/p><p>There is a large free parking area in the vicinity of the center, plus two parking spaces reserved for vehicles of persons with reduced mobility.<\/p><p><strong>C\/ Francisco Chico Mendes, 1 \u00b7 28108, Alcobendas (Madrid) \/ Urbanization Cuesta Blanca<\/strong><\/p>\t\t\t\t\t\t<\/div>\n\t\t\t\t<\/div>\n\t\t\t\t\t<\/div>\n\t\t<\/div>\n\t\t\t\t<div class=\"elementor-column elementor-col-50 elementor-top-column elementor-element elementor-element-212593b\" data-id=\"212593b\" data-element_type=\"column\">\n\t\t\t<div class=\"elementor-widget-wrap elementor-element-populated\">\n\t\t\t\t\t\t<div class=\"elementor-element elementor-element-fb61676 elementor-widget elementor-widget-heading\" data-id=\"fb61676\" data-element_type=\"widget\" data-widget_type=\"heading.default\">\n\t\t\t\t<div class=\"elementor-widget-container\">\n\t\t\t<h2 class=\"elementor-heading-title elementor-size-default\">How to get there?<\/h2>\t\t<\/div>\n\t\t\t\t<\/div>\n\t\t\t\t<div class=\"elementor-element elementor-element-0d00c0b elementor-widget elementor-widget-text-editor\" data-id=\"0d00c0b\" data-element_type=\"widget\" data-widget_type=\"text-editor.default\">\n\t\t\t\t<div class=\"elementor-widget-container\">\n\t\t\t\t\t\t\t<p>We give some brief indications to not miss in your way NeuroPed<\/p>\t\t\t\t\t\t<\/div>\n\t\t\t\t<\/div>\n\t\t\t\t<div class=\"elementor-element elementor-element-93ea2d0 elementor-widget elementor-widget-eael-adv-tabs\" data-id=\"93ea2d0\" data-element_type=\"widget\" data-widget_type=\"eael-adv-tabs.default\">\n\t\t\t\t<div class=\"elementor-widget-container\">\n\t\t\t        <div data-scroll-on-click=\"no\" data-scroll-speed=\"300\" id=\"eael-advance-tabs-93ea2d0\" class=\"eael-advance-tabs eael-tabs-horizontal eael-tab-auto-active\" data-tabid=\"93ea2d0\">\n            <div class=\"eael-tabs-nav\">\n                <ul class=\"eael-tab-inline-icon\" role=\"tablist\">\n                                            <li id=\"en-coche\" class=\"inactive eael-tab-item-trigger\" aria-selected=\"true\" data-tab=\"1\" role=\"tab\" tabindex=\"0\" aria-controls=\"en-coche-tab\" aria-expanded=\"false\">\n                            \n                                                                <i class=\"fas fa-car-side\"><\/i>                                                            \n                                                            <span class=\"eael-tab-title  title-after-icon\">By car<\/span>                            \n                                                    <\/li>\n                                            <li id=\"en-transporte-pblico\" class=\"inactive eael-tab-item-trigger\" aria-selected=\"false\" data-tab=\"2\" role=\"tab\" tabindex=\"-1\" aria-controls=\"en-transporte-pblico-tab\" aria-expanded=\"false\">\n                            \n                                                                <i class=\"fas fa-train\"><\/i>                                                            \n                                                            <span class=\"eael-tab-title  title-after-icon\">By public transport<\/span>                            \n                                                    <\/li>\n                                    <\/ul>\n            <\/div>\n            \n            <div class=\"eael-tabs-content\">\n\t\t        \n                    <div id=\"en-coche-tab\" class=\"clearfix eael-tab-content-item inactive\" data-title-link=\"en-coche-tab\">\n\t\t\t\t        \t\t\t\t\t        <p><strong>NeuroPed is located in Alcobendas<\/strong>within the Urbanization Cuesta Blanca, next to the Urbanization of The Moral. Is <strong>50 meters from Carrefour To-1 Output 14<\/strong>.<\/p><p><strong>From the center of Madrid<\/strong>, it is necessary to catch the A-1 and exit at junction 14 Hypermarket in The soto and follow the signs towards HYPERMARKET, skirting the parking lot on the left and turn left on calle Francisco Chico Mendes.<\/p><p><strong>From the north of Alcobendas<\/strong>, it is necessary to catch the A-1 and exit at junction 15 Fuencarral Moral, and take the Road of Fuencarral in the Direction of Alcobendas and there exit to exit Hypermarket and take the street Francisco Chico Mendes right hand side.<\/p>\t\t\t\t                            <\/div>\n\t\t        \n                    <div id=\"en-transporte-pblico-tab\" class=\"clearfix eael-tab-content-item inactive\" data-title-link=\"en-transporte-pblico-tab\">\n\t\t\t\t        \t\t\t\t\t        <p>By bus: Bus Stop 157 and 157C less than 20 metres away.<br \/>By metro:The nearest metro is Metro La Granja. Line 10. It is a 15-minute walk away.<\/p>\t\t\t\t                            <\/div>\n\t\t                    <\/div>\n        <\/div>\n\t\t<\/div>\n\t\t\t\t<\/div>\n\t\t\t\t\t<\/div>\n\t\t<\/div>\n\t\t\t\t\t<\/div>\n\t\t<\/section>\n\t\t\t\t<section class=\"elementor-section elementor-top-section elementor-element elementor-element-ff2d24b elementor-section-full_width elementor-section-stretched elementor-section-height-default elementor-section-height-default\" data-id=\"ff2d24b\" data-element_type=\"section\" data-settings=\"{&quot;stretch_section&quot;:&quot;section-stretched&quot;}\">\n\t\t\t\t\t\t<div class=\"elementor-container elementor-column-gap-default\">\n\t\t\t\t\t<div class=\"elementor-column elementor-col-100 elementor-top-column elementor-element elementor-element-09eedfe\" data-id=\"09eedfe\" data-element_type=\"column\">\n\t\t\t<div class=\"elementor-widget-wrap elementor-element-populated\">\n\t\t\t\t\t\t<div class=\"elementor-element elementor-element-b0af0cd elementor-widget elementor-widget-google_maps\" data-id=\"b0af0cd\" data-element_type=\"widget\" data-widget_type=\"google_maps.default\">\n\t\t\t\t<div class=\"elementor-widget-container\">\n\t\t\t<style>\/*! elementor - v3.20.0 - 10-04-2024 *\/\n.elementor-widget-google_maps .elementor-widget-container{overflow:hidden}.elementor-widget-google_maps .elementor-custom-embed{line-height:0}.elementor-widget-google_maps iframe{height:300px}<\/style>\t\t<div class=\"elementor-custom-embed\">\n\t\t\t<iframe loading=\"lazy\"\n\t\t\t\t\tsrc=\"https:\/\/maps.google.com\/maps?q=C%2F%20Francisco%20Chico%20Mendes%2C%201%20%C2%B7%2028108%2C%20Alcobendas%20%28Madrid%29&#038;t=m&#038;z=10&#038;output=embed&#038;iwloc=near\"\n\t\t\t\t\ttitle=\"C\/ Francisco Chico Mendes, 1 \u00b7 28108, Alcobendas (Madrid)\"\n\t\t\t\t\taria-label=\"C\/ Francisco Chico Mendes, 1 \u00b7 28108, Alcobendas (Madrid)\"\n\t\t\t><\/iframe>\n\t\t<\/div>\n\t\t\t\t<\/div>\n\t\t\t\t<\/div>\n\t\t\t\t\t<\/div>\n\t\t<\/div>\n\t\t\t\t\t<\/div>\n\t\t<\/section>\n\t\t\t\t<\/div>","protected":false},"excerpt":{"rendered":"<p>Instalaciones \u00bfC\u00f3mo son nuestras instalaciones? Actualmente contamos con unas instalaciones de 500m2 divididas en dos zonas. Una primera m\u00e1s dirigida a Atenci\u00f3n Temprana y otros trastornos de origen mot\u00f3rico y otra dirigida a Trastornos del Aprendizaje y consultas m\u00e9dicas. Todas las instalaciones est\u00e1n adaptadas, cuentan con 4 cuartos de ba\u00f1o adaptados, gimnasio de rehabilitaci\u00f3n infantil, [&hellip;]<\/p>","protected":false},"author":2,"featured_media":2397,"parent":0,"menu_order":0,"comment_status":"closed","ping_status":"closed","template":"","meta":{"_eb_attr":"","_joinchat":[],"footnotes":""},"class_list":["post-445","page","type-page","status-publish","has-post-thumbnail","hentry"],"_links":{"self":[{"href":"https:\/\/neuroped.es\/en\/wp-json\/wp\/v2\/pages\/445","targetHints":{"allow":["GET"]}}],"collection":[{"href":"https:\/\/neuroped.es\/en\/wp-json\/wp\/v2\/pages"}],"about":[{"href":"https:\/\/neuroped.es\/en\/wp-json\/wp\/v2\/types\/page"}],"author":[{"embeddable":true,"href":"https:\/\/neuroped.es\/en\/wp-json\/wp\/v2\/users\/2"}],"replies":[{"embeddable":true,"href":"https:\/\/neuroped.es\/en\/wp-json\/wp\/v2\/comments?post=445"}],"version-history":[{"count":13,"href":"https:\/\/neuroped.es\/en\/wp-json\/wp\/v2\/pages\/445\/revisions"}],"predecessor-version":[{"id":2606,"href":"https:\/\/neuroped.es\/en\/wp-json\/wp\/v2\/pages\/445\/revisions\/2606"}],"wp:featuredmedia":[{"embeddable":true,"href":"https:\/\/neuroped.es\/en\/wp-json\/wp\/v2\/media\/2397"}],"wp:attachment":[{"href":"https:\/\/neuroped.es\/en\/wp-json\/wp\/v2\/media?parent=445"}],"curies":[{"name":"wp","href":"https:\/\/api.w.org\/{rel}","templated":true}]}}