{"id":321,"date":"2023-07-17T13:30:15","date_gmt":"2023-07-17T11:30:15","guid":{"rendered":"http:\/\/neuroped.es\/?page_id=321"},"modified":"2023-11-15T11:00:39","modified_gmt":"2023-11-15T10:00:39","slug":"politica-de-privacidad","status":"publish","type":"page","link":"http:\/\/neuroped.es\/en\/politica-de-privacidad\/","title":{"rendered":"Privacy policy"},"content":{"rendered":"<div data-elementor-type=\"wp-page\" data-elementor-id=\"321\" class=\"elementor elementor-321\" data-elementor-post-type=\"page\">\n\t\t\t\t\t\t<section class=\"elementor-section elementor-top-section elementor-element elementor-element-718829e elementor-section-height-min-height elementor-section-boxed elementor-section-height-default elementor-section-items-middle\" data-id=\"718829e\" data-element_type=\"section\" data-settings=\"{&quot;background_background&quot;:&quot;classic&quot;,&quot;background_motion_fx_motion_fx_scrolling&quot;:&quot;yes&quot;,&quot;background_motion_fx_translateY_effect&quot;:&quot;yes&quot;,&quot;background_motion_fx_translateY_speed&quot;:{&quot;unit&quot;:&quot;px&quot;,&quot;size&quot;:4,&quot;sizes&quot;:[]},&quot;background_motion_fx_translateY_affectedRange&quot;:{&quot;unit&quot;:&quot;%&quot;,&quot;size&quot;:&quot;&quot;,&quot;sizes&quot;:{&quot;start&quot;:0,&quot;end&quot;:100}},&quot;background_motion_fx_devices&quot;:[&quot;desktop&quot;,&quot;tablet&quot;,&quot;mobile&quot;]}\">\n\t\t\t\t\t\t<div class=\"elementor-container elementor-column-gap-wider\">\n\t\t\t\t\t<div class=\"elementor-column elementor-col-100 elementor-top-column elementor-element elementor-element-6d77858\" data-id=\"6d77858\" data-element_type=\"column\">\n\t\t\t<div class=\"elementor-widget-wrap elementor-element-populated\">\n\t\t\t\t\t\t<div class=\"elementor-element elementor-element-5a9c673 elementor-widget elementor-widget-heading\" data-id=\"5a9c673\" data-element_type=\"widget\" data-widget_type=\"heading.default\">\n\t\t\t\t<div class=\"elementor-widget-container\">\n\t\t\t<style>\/*! elementor - v3.20.0 - 10-04-2024 *\/\n.elementor-heading-title{padding:0;margin:0;line-height:1}.elementor-widget-heading .elementor-heading-title[class*=elementor-size-]>a{color:inherit;font-size:inherit;line-height:inherit}.elementor-widget-heading .elementor-heading-title.elementor-size-small{font-size:15px}.elementor-widget-heading .elementor-heading-title.elementor-size-medium{font-size:19px}.elementor-widget-heading .elementor-heading-title.elementor-size-large{font-size:29px}.elementor-widget-heading .elementor-heading-title.elementor-size-xl{font-size:39px}.elementor-widget-heading .elementor-heading-title.elementor-size-xxl{font-size:59px}<\/style><h2 class=\"elementor-heading-title elementor-size-default\">Privacy policy<\/h2>\t\t<\/div>\n\t\t\t\t<\/div>\n\t\t\t\t\t<\/div>\n\t\t<\/div>\n\t\t\t\t\t<\/div>\n\t\t<\/section>\n\t\t\t\t<section class=\"elementor-section elementor-top-section elementor-element elementor-element-0713c5c elementor-section-boxed elementor-section-height-default elementor-section-height-default\" data-id=\"0713c5c\" data-element_type=\"section\">\n\t\t\t\t\t\t<div class=\"elementor-container elementor-column-gap-default\">\n\t\t\t\t\t<div class=\"elementor-column elementor-col-100 elementor-top-column elementor-element elementor-element-1107367\" data-id=\"1107367\" data-element_type=\"column\">\n\t\t\t<div class=\"elementor-widget-wrap elementor-element-populated\">\n\t\t\t\t\t\t<div class=\"elementor-element elementor-element-5da1192 elementor-widget elementor-widget-html\" data-id=\"5da1192\" data-element_type=\"widget\" data-widget_type=\"html.default\">\n\t\t\t\t<div class=\"elementor-widget-container\">\n\t\t\t<h1>\r\n<span>\u00daltima actualizaci\u00f3n: 17-Jul-2023<\/span>\r\n<br><span>Fecha de vigencia: 17-Jul-2023<\/span>\r\n<\/h1>\r\n\r\n<p class=\"privacy-policy-p\">\r\n    Esta Pol\u00edtica de privacidad describe las pol\u00edticas de\r\n\r\n    Neuroped,\r\n    Calle Francisco Chico Mendes, 1,\r\n    Madrid\/Alcobendas\r\n    28108,\r\n    Espa\u00f1a,\r\n    correo electr\u00f3nico: info@neuroped.es,\r\n    tel\u00e9fono: 91 704 53 75\r\n\r\n    sobre la recopilaci\u00f3n,\r\n    uso y divulgaci\u00f3n de tu informaci\u00f3n que recopilamos\r\n    cuando utilizas nuestro sitio web (http:\/\/neuroped.es).\r\n    (el \"Servicio\"). Al acceder o utilizar\r\n    el\r\n    Servicio, est\u00e1s dando tu consentimiento para la recopilaci\u00f3n, uso y\r\n    divulgaci\u00f3n de tu informaci\u00f3n de acuerdo con esta\r\n    Pol\u00edtica de privacidad. Si no est\u00e1s de acuerdo, por favor no accedas ni utilices el Servicio.\r\n<\/p>\r\n\r\n<p class=\"privacy-policy-p\">\r\n    Podemos modificar esta Pol\u00edtica de privacidad en cualquier momento sin\r\n    previo aviso y publicaremos la Pol\u00edtica de privacidad revisada en el Servicio. La Pol\u00edtica revisada ser\u00e1\r\n    efectiva 180 d\u00edas despu\u00e9s de la\r\n    publicaci\u00f3n de la Pol\u00edtica revisada en el Servicio y tu\r\n    acceso o uso continuado del Servicio despu\u00e9s de ese momento\r\n    constituir\u00e1 tu aceptaci\u00f3n de la Pol\u00edtica de privacidad revisada. Por lo tanto, te recomendamos que revises peri\u00f3dicamente esta p\u00e1gina.\r\n<\/p>\r\n\r\n<ol class=\"privacy-policy-ol\">\r\n    <li>\r\n        <h2 class=\"privacy-policy-h2\">\r\n            Informaci\u00f3n que recopilamos:\r\n        <\/h2>\r\n        <p class=\"privacy-policy-p\">\r\n            Recopilaremos y procesaremos la siguiente\r\n            informaci\u00f3n personal sobre ti:\r\n        <\/p>\r\n        <ol class=\"privacy-policy-ol\">\r\n            <li>Name<\/li>\r\n            <li>E-mail<\/li>\r\n            <li>Tel\u00e9fono m\u00f3vil<\/li>\r\n        <\/ol>\r\n    <\/li>\r\n\r\n    <li>\r\n        <h2 class=\"privacy-policy-h2\">\r\n            C\u00f3mo utilizamos tu informaci\u00f3n:\r\n        <\/h2>\r\n        <p class=\"privacy-policy-p\">\r\n            Utilizaremos la informaci\u00f3n que recopilamos\r\n            sobre ti para los siguientes fines:\r\n        <\/p>\r\n        <ol class=\"privacy-policy-ol\">\r\n            <li>Marketing\/Promocional<\/li>\r\n            <li>Soporte<\/li>\r\n            <li>Informaci\u00f3n administrativa<\/li>\r\n            <li>Resoluci\u00f3n de disputas<\/li>\r\n        <\/ol>\r\n        <p class=\"privacy-policy-p\">\r\n            Si deseamos utilizar tu informaci\u00f3n para cualquier otro\r\n            fin, te pediremos tu consentimiento y utilizaremos tu informaci\u00f3n solo despu\u00e9s de recibir tu\r\n            consentimiento y solo para el\/los fin(es) para\r\n            el\/los cual(es) otorgaste consentimiento, a menos que estemos obligados a hacerlo\r\n            de otra manera por ley.\r\n        <\/p>\r\n    <\/li>\r\n\r\n    <li>\r\n        <h2 class=\"privacy-policy-h2\">\r\n            Retenci\u00f3n de tu informaci\u00f3n:\r\n        <\/h2>\r\n        <p class=\"privacy-policy-p\">\r\n            Retendremos tu informaci\u00f3n personal contigo\r\n            durante 90 d\u00edas a 2 a\u00f1os despu\u00e9s de que los usuarios cierren sus cuentas,\r\n            o durante el tiempo que necesitemos para cumplir los fines para\r\n            los cuales fue recopilada, seg\u00fan se detalla en esta\r\n            Pol\u00edtica de privacidad. Es posible que necesitemos retener cierta\r\n            informaci\u00f3n durante per\u00edodos m\u00e1s largos, como\r\n            el mantenimiento de registros\/informes de acuerdo con\r\n            la ley aplicable o por otros motivos leg\u00edtimos,\r\n            como la aplicaci\u00f3n de derechos legales, prevenci\u00f3n de fraude, etc. La informaci\u00f3n an\u00f3nima residual\r\n            y la informaci\u00f3n agregada, que no te identifica (directa o indirectamente),\r\n            se pueden almacenar indefinidamente.\r\n        <\/p>\r\n    <\/li>\r\n\r\n    <li>\r\n        <h2 class=\"privacy-policy-h2\">\r\n            Tus derechos:\r\n        <\/h2>\r\n        <p class=\"privacy-policy-p\">\r\n            Dependiendo de la ley aplicable, es posible que tengas\r\n            derecho a acceder, rectificar o borrar tus datos\r\n            personales o recibir una copia de tus datos personales, restringir u objetar el\r\n            procesamiento activo de tus datos, solicitarnos que compartamos (traslademos)\r\n            tu informaci\u00f3n personal a otra entidad,\r\n            retirar cualquier consentimiento que nos hayas proporcionado para procesar tus datos, derecho a presentar una queja\r\n            ante una autoridad competente y otros derechos\r\n            que sean relevantes en virtud de las leyes aplicables. Para\r\n            ejercer estos derechos, puedes escribirnos a\r\n            info@neuroped.es.\r\n            Responderemos a tu solicitud de acuerdo con la ley aplicable.\r\n        <\/p>\r\n        <p class=\"privacy-policy-p\">\r\n            Puedes optar por no recibir comunicaciones de marketing directo\r\n            o la creaci\u00f3n de perfiles que realizamos con\r\n            fines de marketing escribi\u00e9ndonos a\r\n            info@neuroped.es.\r\n        <\/p>\r\n        <p class=\"privacy-policy-p\">\r\n            Ten en cuenta que si no nos permites recopilar\r\n            o procesar la informaci\u00f3n personal requerida o\r\n            retiras el consentimiento para procesarla para los\r\n            fines requeridos, es posible que no puedas acceder\r\n            o utilizar los servicios para los cuales se solicit\u00f3 tu informaci\u00f3n.\r\n        <\/p>\r\n    <\/li>\r\n\r\n    <li>\r\n        <h2 class=\"privacy-policy-h2\">\r\n            Cookies, etc.\r\n        <\/h2>\r\n        <p class=\"privacy-policy-p\">\r\n            Para obtener m\u00e1s informaci\u00f3n sobre c\u00f3mo utilizamos estas\r\n            tecnolog\u00edas y tus opciones en relaci\u00f3n con estas tecnolog\u00edas de seguimiento,\r\n            consulta nuestra\r\n            <a href=\"http:\/\/neuroped.es\/en\/politica-de-cookies\/\">Pol\u00edtica de cookies<\/a>.\r\n        <\/p>\r\n    <\/li>\r\n\r\n    <li>\r\n        <h2 class=\"privacy-policy-h2\">\r\n            Seguridad:\r\n        <\/h2>\r\n        <p class=\"privacy-policy-p\">\r\n            La seguridad de tu informaci\u00f3n es importante para\r\n            nosotros y utilizaremos medidas de seguridad razonables\r\n            para evitar la p\u00e9rdida, el uso indebido o la alteraci\u00f3n no autorizada\r\n            de tu informaci\u00f3n bajo nuestro control. Sin embargo, debido a los riesgos inherentes, no podemos garantizar una seguridad absoluta y,\r\n            en consecuencia, no podemos garantizar ni asegurar la\r\n            seguridad de cualquier informaci\u00f3n que nos transmitas,\r\n            y lo haces bajo tu propio riesgo.\r\n        <\/p>\r\n    <\/li>\r\n\r\n    <li>\r\n        <h2 class=\"privacy-policy-h2\">\r\n            Quejas \/ Responsable de Protecci\u00f3n de Datos:\r\n        <\/h2>\r\n        <p class=\"privacy-policy-p\">\r\n            Si tienes alguna consulta o inquietud sobre\r\n            el procesamiento de tu informaci\u00f3n que est\u00e1 disponible\r\n            para nosotros, puedes enviar un correo electr\u00f3nico a nuestro Responsable de Protecci\u00f3n de Datos en\r\n            Neuroped,\r\n            Calle Francisco Chico Mendes, 1,\r\n            correo electr\u00f3nico: info@neuroped.es.\r\n            Abordaremos tus inquietudes de acuerdo con la ley aplicable.\r\n        <\/p>\r\n    <\/li>\r\n<\/ol>\r\n\r\n\t\t<\/div>\n\t\t\t\t<\/div>\n\t\t\t\t\t<\/div>\n\t\t<\/div>\n\t\t\t\t\t<\/div>\n\t\t<\/section>\n\t\t\t\t<\/div>","protected":false},"excerpt":{"rendered":"<p>Pol\u00edtica de privacidad \u00daltima actualizaci\u00f3n: 17-Jul-2023 Fecha de vigencia: 17-Jul-2023 Esta Pol\u00edtica de privacidad describe las pol\u00edticas de Neuroped, Calle Francisco Chico Mendes, 1, Madrid\/Alcobendas 28108, Espa\u00f1a, correo electr\u00f3nico: info@neuroped.es, tel\u00e9fono: 91 704 53 75 sobre la recopilaci\u00f3n, uso y divulgaci\u00f3n de tu informaci\u00f3n que recopilamos cuando utilizas nuestro sitio web (http:\/\/neuroped.es). (el \u00abServicio\u00bb). Al [&hellip;]<\/p>","protected":false},"author":2,"featured_media":0,"parent":0,"menu_order":0,"comment_status":"closed","ping_status":"closed","template":"","meta":{"_eb_attr":"","_joinchat":[],"footnotes":""},"class_list":["post-321","page","type-page","status-publish","hentry"],"_links":{"self":[{"href":"http:\/\/neuroped.es\/en\/wp-json\/wp\/v2\/pages\/321","targetHints":{"allow":["GET"]}}],"collection":[{"href":"http:\/\/neuroped.es\/en\/wp-json\/wp\/v2\/pages"}],"about":[{"href":"http:\/\/neuroped.es\/en\/wp-json\/wp\/v2\/types\/page"}],"author":[{"embeddable":true,"href":"http:\/\/neuroped.es\/en\/wp-json\/wp\/v2\/users\/2"}],"replies":[{"embeddable":true,"href":"http:\/\/neuroped.es\/en\/wp-json\/wp\/v2\/comments?post=321"}],"version-history":[{"count":16,"href":"http:\/\/neuroped.es\/en\/wp-json\/wp\/v2\/pages\/321\/revisions"}],"predecessor-version":[{"id":2627,"href":"http:\/\/neuroped.es\/en\/wp-json\/wp\/v2\/pages\/321\/revisions\/2627"}],"wp:attachment":[{"href":"http:\/\/neuroped.es\/en\/wp-json\/wp\/v2\/media?parent=321"}],"curies":[{"name":"wp","href":"https:\/\/api.w.org\/{rel}","templated":true}]}}