{"id":307,"date":"2023-07-17T13:26:48","date_gmt":"2023-07-17T11:26:48","guid":{"rendered":"http:\/\/neuroped.es\/?page_id=307"},"modified":"2023-11-15T11:02:56","modified_gmt":"2023-11-15T10:02:56","slug":"politica-de-cookies","status":"publish","type":"page","link":"http:\/\/neuroped.es\/en\/politica-de-cookies\/","title":{"rendered":"Pol\u00edtica de cookies"},"content":{"rendered":"<div data-elementor-type=\"wp-page\" data-elementor-id=\"307\" class=\"elementor elementor-307\" data-elementor-post-type=\"page\">\n\t\t\t\t\t\t<section class=\"elementor-section elementor-top-section elementor-element elementor-element-0a8bd18 elementor-section-height-min-height elementor-section-boxed elementor-section-height-default elementor-section-items-middle\" data-id=\"0a8bd18\" data-element_type=\"section\" data-settings=\"{&quot;background_background&quot;:&quot;classic&quot;,&quot;background_motion_fx_motion_fx_scrolling&quot;:&quot;yes&quot;,&quot;background_motion_fx_translateY_effect&quot;:&quot;yes&quot;,&quot;background_motion_fx_translateY_speed&quot;:{&quot;unit&quot;:&quot;px&quot;,&quot;size&quot;:4,&quot;sizes&quot;:[]},&quot;background_motion_fx_translateY_affectedRange&quot;:{&quot;unit&quot;:&quot;%&quot;,&quot;size&quot;:&quot;&quot;,&quot;sizes&quot;:{&quot;start&quot;:0,&quot;end&quot;:100}},&quot;background_motion_fx_devices&quot;:[&quot;desktop&quot;,&quot;tablet&quot;,&quot;mobile&quot;]}\">\n\t\t\t\t\t\t<div class=\"elementor-container elementor-column-gap-wider\">\n\t\t\t\t\t<div class=\"elementor-column elementor-col-100 elementor-top-column elementor-element elementor-element-59519de\" data-id=\"59519de\" data-element_type=\"column\">\n\t\t\t<div class=\"elementor-widget-wrap elementor-element-populated\">\n\t\t\t\t\t\t<div class=\"elementor-element elementor-element-90e81b7 elementor-widget elementor-widget-heading\" data-id=\"90e81b7\" data-element_type=\"widget\" data-widget_type=\"heading.default\">\n\t\t\t\t<div class=\"elementor-widget-container\">\n\t\t\t<style>\/*! elementor - v3.20.0 - 10-04-2024 *\/\n.elementor-heading-title{padding:0;margin:0;line-height:1}.elementor-widget-heading .elementor-heading-title[class*=elementor-size-]>a{color:inherit;font-size:inherit;line-height:inherit}.elementor-widget-heading .elementor-heading-title.elementor-size-small{font-size:15px}.elementor-widget-heading .elementor-heading-title.elementor-size-medium{font-size:19px}.elementor-widget-heading .elementor-heading-title.elementor-size-large{font-size:29px}.elementor-widget-heading .elementor-heading-title.elementor-size-xl{font-size:39px}.elementor-widget-heading .elementor-heading-title.elementor-size-xxl{font-size:59px}<\/style><h2 class=\"elementor-heading-title elementor-size-default\">Cookie policy<\/h2>\t\t<\/div>\n\t\t\t\t<\/div>\n\t\t\t\t\t<\/div>\n\t\t<\/div>\n\t\t\t\t\t<\/div>\n\t\t<\/section>\n\t\t\t\t<section class=\"elementor-section elementor-top-section elementor-element elementor-element-0aeafbb elementor-section-boxed elementor-section-height-default elementor-section-height-default\" data-id=\"0aeafbb\" data-element_type=\"section\">\n\t\t\t\t\t\t<div class=\"elementor-container elementor-column-gap-default\">\n\t\t\t\t\t<div class=\"elementor-column elementor-col-100 elementor-top-column elementor-element elementor-element-673f862\" data-id=\"673f862\" data-element_type=\"column\">\n\t\t\t<div class=\"elementor-widget-wrap elementor-element-populated\">\n\t\t\t\t\t\t<div class=\"elementor-element elementor-element-8550374 elementor-widget elementor-widget-html\" data-id=\"8550374\" data-element_type=\"widget\" data-widget_type=\"html.default\">\n\t\t\t\t<div class=\"elementor-widget-container\">\n\t\t\t<style>\r\n    a.cky-banner-element {\r\n        padding: 8px 30px;\r\n        background: #F8F9FA;\r\n        color: #858A8F;\r\n        border: 1px solid #DEE2E6;\r\n        box-sizing: border-box;\r\n        border-radius: 2px;\r\n        cursor: pointer;\r\n}\r\n<\/style>\r\n<p>\r\n    Fecha de vigencia: 17-Jul-2023 <br>\r\n    \u00daltima actualizaci\u00f3n: 17-Jul-2023\r\n<\/p>\r\n\r\n&nbsp;\r\n<h5>\u00bfQu\u00e9 son las cookies?<\/h5>\r\n<div class=\"cookie-policy-p\"><p>Esta Pol\u00edtica de cookies explica qu\u00e9 son las cookies y c\u00f3mo las utilizamos, los tipos de cookies que utilizamos, es decir, la informaci\u00f3n que recopilamos mediante cookies y c\u00f3mo se utiliza esa informaci\u00f3n, y c\u00f3mo administrar la configuraci\u00f3n de cookies.<\/p> <p>Las cookies son peque\u00f1os archivos de texto que se utilizan para almacenar peque\u00f1as piezas de informaci\u00f3n. Se almacenan en tu dispositivo cuando se carga el sitio web en tu navegador. Estas cookies nos ayudan a que el sitio web funcione correctamente, lo hagan m\u00e1s seguro, proporcionen una mejor experiencia de usuario, y comprendan c\u00f3mo funciona el sitio web y qu\u00e9 aspectos necesitan mejorarse.<\/p><\/div>\r\n\r\n&nbsp;\r\n<h5>\u00bfC\u00f3mo utilizamos las cookies?<\/h5>\r\n<div class=\"cookie-policy-p\"><p>Como la mayor\u00eda de los servicios en l\u00ednea, nuestro sitio web utiliza cookies de primera y tercera parte con diversos prop\u00f3sitos. Las cookies de primera parte son principalmente necesarias para que el sitio web funcione correctamente y no recopilan ninguna de tus datos de identificaci\u00f3n personal.<\/p> <p>Las cookies de tercera parte utilizadas en nuestro sitio web se utilizan principalmente para comprender c\u00f3mo funciona el sitio web, c\u00f3mo interact\u00faas con \u00e9l, mantener nuestros servicios seguros, proporcionarte anuncios relevantes y, en general, brindarte una experiencia de usuario mejorada y ayudar a acelerar tus interacciones futuras con nuestro sitio web.<\/p><\/div>\r\n\r\n&nbsp;\r\n    <h5>Tipos de cookies que utilizamos<\/h5>\r\n\r\n    <div class=\"cky-audit-table-element\"><\/div>\r\n\r\n&nbsp;\r\n    <h5 style=\"margin-bottom:20px;\">Administrar configuraci\u00f3n de cookies<\/h5>\r\n\r\n    <a class=\"cky-banner-element\">Configuraci\u00f3n de cookies<\/a> <br\/>\r\n\r\n    <div><p>Puedes cambiar tus preferencias de cookies en cualquier momento haciendo clic en el bot\u00f3n de arriba. Esto te permitir\u00e1 volver a ver el banner de consentimiento de cookies y cambiar tus preferencias o retirar tu consentimiento de inmediato.<\/p><p>Adem\u00e1s de esto, diferentes navegadores proporcionan diferentes m\u00e9todos para bloquear y eliminar las cookies utilizadas por los sitios web. Puedes cambiar la configuraci\u00f3n de tu navegador para bloquear\/eliminar las cookies. A continuaci\u00f3n, se muestran los enlaces a los documentos de soporte sobre c\u00f3mo administrar y eliminar las cookies de los principales navegadores web.<\/p><p>Chrome: <a target=\"_blank\" rel=\"noopener noreferrer\" href=\"https:\/\/support.google.com\/accounts\/answer\/32050\">https:\/\/support.google.com\/accounts\/answer\/32050<\/a><\/p><p>Safari: <a target=\"_blank\" rel=\"noopener noreferrer\" href=\"https:\/\/support.apple.com\/en-in\/guide\/safari\/sfri11471\/mac\">https:\/\/support.apple.com\/en-in\/guide\/safari\/sfri11471\/mac<\/a><\/p><p>Firefox: <a target=\"_blank\" rel=\"noopener noreferrer\" href=\"https:\/\/support.mozilla.org\/en-US\/kb\/clear-cookies-and-site-data-firefox?redirectslug=delete-cookies-remove-info-websites-stored&amp;redirectlocale=en-US\">https:\/\/support.mozilla.org\/en-US\/kb\/clear-cookies-and-site-data-firefox?redirectslug=delete-cookies-remove-info-websites-stored&amp;redirectlocale=en-US<\/a><\/p><p>Internet Explorer: <a target=\"_blank\" rel=\"noopener noreferrer\" href=\"https:\/\/support.microsoft.com\/en-us\/topic\/how-to-delete-cookie-files-in-internet-explorer-bca9446f-d873-78de-77ba-d42645fa52fc\">https:\/\/support.microsoft.com\/en-us\/topic\/how-to-delete-cookie-files-in-internet-explorer-bca9446f-d873-78de-77ba-d42645fa52fc<\/a><\/p><p>Si est\u00e1s utilizando alg\u00fan otro navegador web, por favor visita los documentos de soporte oficiales de tu navegador.<\/p><\/div>\r\n\r\n\r\n&nbsp;\r\n<p class=\"cookie-policy-p\">\r\n    Pol\u00edtica de cookies generada por <a target=\"_blank\" href=\"https:\/\/www.cookieyes.com\/?utm_source=CP&amp;utm_medium=footer&amp;utm_campaign=UW\" rel=\"noopener\">CookieYes - Generador de Pol\u00edticas de cookies<\/a>.\r\n<\/p>\r\n\t\t<\/div>\n\t\t\t\t<\/div>\n\t\t\t\t\t<\/div>\n\t\t<\/div>\n\t\t\t\t\t<\/div>\n\t\t<\/section>\n\t\t\t\t<\/div>","protected":false},"excerpt":{"rendered":"<p>Pol\u00edtica de Cookies Fecha de vigencia: 17-Jul-2023 \u00daltima actualizaci\u00f3n: 17-Jul-2023 &nbsp; \u00bfQu\u00e9 son las cookies? Esta Pol\u00edtica de cookies explica qu\u00e9 son las cookies y c\u00f3mo las utilizamos, los tipos de cookies que utilizamos, es decir, la informaci\u00f3n que recopilamos mediante cookies y c\u00f3mo se utiliza esa informaci\u00f3n, y c\u00f3mo administrar la configuraci\u00f3n de cookies. [&hellip;]<\/p>","protected":false},"author":2,"featured_media":0,"parent":0,"menu_order":0,"comment_status":"closed","ping_status":"closed","template":"","meta":{"_eb_attr":"","_joinchat":[],"footnotes":""},"class_list":["post-307","page","type-page","status-publish","hentry"],"_links":{"self":[{"href":"http:\/\/neuroped.es\/en\/wp-json\/wp\/v2\/pages\/307","targetHints":{"allow":["GET"]}}],"collection":[{"href":"http:\/\/neuroped.es\/en\/wp-json\/wp\/v2\/pages"}],"about":[{"href":"http:\/\/neuroped.es\/en\/wp-json\/wp\/v2\/types\/page"}],"author":[{"embeddable":true,"href":"http:\/\/neuroped.es\/en\/wp-json\/wp\/v2\/users\/2"}],"replies":[{"embeddable":true,"href":"http:\/\/neuroped.es\/en\/wp-json\/wp\/v2\/comments?post=307"}],"version-history":[{"count":22,"href":"http:\/\/neuroped.es\/en\/wp-json\/wp\/v2\/pages\/307\/revisions"}],"predecessor-version":[{"id":2633,"href":"http:\/\/neuroped.es\/en\/wp-json\/wp\/v2\/pages\/307\/revisions\/2633"}],"wp:attachment":[{"href":"http:\/\/neuroped.es\/en\/wp-json\/wp\/v2\/media?parent=307"}],"curies":[{"name":"wp","href":"https:\/\/api.w.org\/{rel}","templated":true}]}}